{"id":21485,"date":"2021-11-02T11:18:45","date_gmt":"2021-11-02T11:18:45","guid":{"rendered":"https:\/\/agendaep.lv\/musu-darbi\/"},"modified":"2024-04-09T16:33:13","modified_gmt":"2024-04-09T16:33:13","slug":"nashi-raboti","status":"publish","type":"page","link":"https:\/\/agendaep.lv\/ru\/nashi-raboti\/","title":{"rendered":"\u041d\u0430\u0448\u0438 \u0440\u0430\u0431\u043e\u0442\u044b"},"content":{"rendered":"<div class=\"wpb-content-wrapper\"><p>[vc_row full_width=&#187;stretch_row&#187; el_class=&#187;our-services-list&#187; css=&#187;.vc_custom_1634046865562{background-position: 0 0 !important;background-repeat: no-repeat !important;}&#187; addstyles=&#187;background-position:left top !important;&#187;][vc_column]<div id=\"1553842223570-db506e5c-fdaa\" class=\"dt-sc-empty-space\"><\/div><div class='dt-sc-title with-separator-bottom  default-title aligncenter dt-primary-color' data-delay='0'><h1 class='dt-sc-main-heading'>\u041d\u0430\u0448\u0438 \u0440\u0430\u0431\u043e\u0442\u044b<\/h1><h3 class='dt-sc-sub-heading'><\/h3><\/div><div id=\"1553842442113-deff6b7f-b691\" class=\"dt-sc-empty-space\"><\/div>[vc_column_text]\u0416\u0430\u043b\u044e\u0437\u0438 &#8212; \u044d\u0442\u043e \u043f\u0440\u0430\u043a\u0442\u0438\u0447\u043d\u043e\u0435 \u0438 \u0441\u0442\u0438\u043b\u044c\u043d\u043e\u0435 \u0440\u0435\u0448\u0435\u043d\u0438\u0435 \u0434\u043b\u044f \u0438\u043d\u0442\u0435\u0440\u044c\u0435\u0440\u0430, \u043e\u0431\u0435\u0441\u043f\u0435\u0447\u0438\u0432\u0430\u044e\u0449\u0435\u0435 \u043a\u0430\u043a \u044d\u0441\u0442\u0435\u0442\u0438\u043a\u0443, \u0442\u0430\u043a \u0438 \u0444\u0443\u043d\u043a\u0446\u0438\u043e\u043d\u0430\u043b\u044c\u043d\u043e\u0441\u0442\u044c. \u041d\u0430\u0448\u0430 \u043a\u043e\u043c\u043f\u0430\u043d\u0438\u044f \u043f\u0440\u0435\u0434\u043b\u0430\u0433\u0430\u0435\u0442 \u0448\u0438\u0440\u043e\u043a\u0438\u0439 \u0430\u0441\u0441\u043e\u0440\u0442\u0438\u043c\u0435\u043d\u0442 \u0436\u0430\u043b\u044e\u0437\u0438, \u043f\u043e\u0434\u0445\u043e\u0434\u044f\u0449\u0438\u0445 \u0434\u043b\u044f \u0440\u0430\u0437\u043b\u0438\u0447\u043d\u044b\u0445 \u043f\u043e\u0442\u0440\u0435\u0431\u043d\u043e\u0441\u0442\u0435\u0439 \u0438 \u0432\u043a\u0443\u0441\u043e\u0432.[\/vc_column_text][\/vc_column][\/vc_row][vc_row full_width=&#187;stretch_row&#187;][vc_column width=&#187;1\/3&#8243;]<div class='dt-sc-image-caption type5  ' data-delay='0'><div class='dt-sc-image-wrapper'><img loading=\"lazy\" decoding=\"async\" width=\"1024\" height=\"800\" src=\"https:\/\/agendaep.lv\/wp-content\/uploads\/2022\/03\/1a-s.jpeg\" class=\"attachment-full\" alt=\"Diena \/ Nakts \u017dal\u016bzijas\" title=\"1a-s\" srcset=\"https:\/\/agendaep.lv\/wp-content\/uploads\/2022\/03\/1a-s.jpeg 1024w, https:\/\/agendaep.lv\/wp-content\/uploads\/2022\/03\/1a-s-300x234.jpeg 300w, https:\/\/agendaep.lv\/wp-content\/uploads\/2022\/03\/1a-s-768x600.jpeg 768w, https:\/\/agendaep.lv\/wp-content\/uploads\/2022\/03\/1a-s-750x586.jpeg 750w, https:\/\/agendaep.lv\/wp-content\/uploads\/2022\/03\/1a-s-540x422.jpeg 540w\" sizes=\"auto, (max-width: 1024px) 100vw, 1024px\" \/><\/div><div class='dt-sc-image-content'><div class='dt-sc-image-title'><h3><a href=\"https:\/\/agendaep.lv\/ru\/denj-noch-zhaljuzi\/\" target=\"_self\" title=\"\u0423\u0437\u043d\u0430\u0442\u044c \u0431\u043e\u043b\u044c\u0448\u0435\">\u0416\u0430\u043b\u044e\u0437\u0438 \u0434\u0435\u043d\u044c \u043d\u043e\u0447\u044c<\/a><\/h3><\/div><p><\/p><\/div><\/div><div class='dt-sc-image-caption type5  ' data-delay='0'><div class='dt-sc-image-wrapper'><img loading=\"lazy\" decoding=\"async\" width=\"1024\" height=\"800\" src=\"https:\/\/agendaep.lv\/wp-content\/uploads\/2022\/03\/210sa.jpeg\" class=\"attachment-full\" alt=\"Romie\u0161u \u017dal\u016bzijas\" title=\"210sa\" srcset=\"https:\/\/agendaep.lv\/wp-content\/uploads\/2022\/03\/210sa.jpeg 1024w, https:\/\/agendaep.lv\/wp-content\/uploads\/2022\/03\/210sa-300x234.jpeg 300w, https:\/\/agendaep.lv\/wp-content\/uploads\/2022\/03\/210sa-768x600.jpeg 768w, https:\/\/agendaep.lv\/wp-content\/uploads\/2022\/03\/210sa-750x586.jpeg 750w, https:\/\/agendaep.lv\/wp-content\/uploads\/2022\/03\/210sa-540x422.jpeg 540w\" sizes=\"auto, (max-width: 1024px) 100vw, 1024px\" \/><\/div><div class='dt-sc-image-content'><div class='dt-sc-image-title'><h3><a href=\"https:\/\/agendaep.lv\/ru\/rimskie-zhaljuzi\/\" target=\"_self\" title=\"\u0423\u0437\u043d\u0430\u0442\u044c \u0431\u043e\u043b\u044c\u0448\u0435\">\u0420\u0438\u043c\u0441\u043a\u0438\u0435 \u0436\u0430\u043b\u044e\u0437\u0438<\/a><\/h3><\/div><p><\/p><\/div><\/div>[\/vc_column][vc_column width=&#187;1\/3&#8243;]<div class='dt-sc-image-caption type5  ' data-delay='0'><div class='dt-sc-image-wrapper'><img loading=\"lazy\" decoding=\"async\" width=\"1024\" height=\"800\" src=\"https:\/\/agendaep.lv\/wp-content\/uploads\/2022\/03\/1-s2.jpeg\" class=\"attachment-full\" alt=\"Kase\u0161u \u017dal\u016bzijas\" title=\"1-s2\" srcset=\"https:\/\/agendaep.lv\/wp-content\/uploads\/2022\/03\/1-s2.jpeg 1024w, https:\/\/agendaep.lv\/wp-content\/uploads\/2022\/03\/1-s2-300x234.jpeg 300w, https:\/\/agendaep.lv\/wp-content\/uploads\/2022\/03\/1-s2-768x600.jpeg 768w, https:\/\/agendaep.lv\/wp-content\/uploads\/2022\/03\/1-s2-750x586.jpeg 750w, https:\/\/agendaep.lv\/wp-content\/uploads\/2022\/03\/1-s2-540x422.jpeg 540w\" sizes=\"auto, (max-width: 1024px) 100vw, 1024px\" \/><\/div><div class='dt-sc-image-content'><div class='dt-sc-image-title'><h3><a href=\"https:\/\/agendaep.lv\/ru\/zhaljuzi-kassetnie\/\" target=\"_self\" title=\"\u0423\u0437\u043d\u0430\u0442\u044c \u0431\u043e\u043b\u044c\u0448\u0435\">\u041a\u0430\u0441\u0441\u0435\u0442\u043d\u044b\u0435 \u0436\u0430\u043b\u044e\u0437\u0438<\/a><\/h3><\/div><p><\/p><\/div><\/div><div class='dt-sc-image-caption type5  ' data-delay='0'><div class='dt-sc-image-wrapper'><img loading=\"lazy\" decoding=\"async\" width=\"1024\" height=\"800\" src=\"https:\/\/agendaep.lv\/wp-content\/uploads\/2022\/03\/21201s.jpeg\" class=\"attachment-full\" alt=\"\u041d\u0430\u0448\u0438 \u0440\u0430\u0431\u043e\u0442\u044b\" title=\"21201s\" srcset=\"https:\/\/agendaep.lv\/wp-content\/uploads\/2022\/03\/21201s.jpeg 1024w, https:\/\/agendaep.lv\/wp-content\/uploads\/2022\/03\/21201s-300x234.jpeg 300w, https:\/\/agendaep.lv\/wp-content\/uploads\/2022\/03\/21201s-768x600.jpeg 768w, https:\/\/agendaep.lv\/wp-content\/uploads\/2022\/03\/21201s-750x586.jpeg 750w, https:\/\/agendaep.lv\/wp-content\/uploads\/2022\/03\/21201s-540x422.jpeg 540w\" sizes=\"auto, (max-width: 1024px) 100vw, 1024px\" \/><\/div><div class='dt-sc-image-content'><div class='dt-sc-image-title'><h3><a href=\"https:\/\/agendaep.lv\/ru\/rollo-zaljuzi\/\" target=\"_self\" title=\"\u0423\u0437\u043d\u0430\u0442\u044c \u0431\u043e\u043b\u044c\u0448\u0435\">\u0420\u043e\u043b\u043b\u043e \u0436\u0430\u043b\u044e\u0437\u0438<\/a><\/h3><\/div><p><\/p><\/div><\/div>[\/vc_column][vc_column width=&#187;1\/3&#8243;]<div class='dt-sc-image-caption type5  ' data-delay='0'><div class='dt-sc-image-wrapper'><img loading=\"lazy\" decoding=\"async\" width=\"1024\" height=\"800\" src=\"https:\/\/agendaep.lv\/wp-content\/uploads\/2022\/03\/1sa2.jpeg\" class=\"attachment-full\" alt=\"Koka \u017dal\u016bzijas\" title=\"1sa2\" srcset=\"https:\/\/agendaep.lv\/wp-content\/uploads\/2022\/03\/1sa2.jpeg 1024w, https:\/\/agendaep.lv\/wp-content\/uploads\/2022\/03\/1sa2-300x234.jpeg 300w, https:\/\/agendaep.lv\/wp-content\/uploads\/2022\/03\/1sa2-768x600.jpeg 768w, https:\/\/agendaep.lv\/wp-content\/uploads\/2022\/03\/1sa2-750x586.jpeg 750w, https:\/\/agendaep.lv\/wp-content\/uploads\/2022\/03\/1sa2-540x422.jpeg 540w\" sizes=\"auto, (max-width: 1024px) 100vw, 1024px\" \/><\/div><div class='dt-sc-image-content'><div class='dt-sc-image-title'><h3><a href=\"https:\/\/agendaep.lv\/ru\/dereevjannie-zhaljuzi\/\" target=\"_self\" title=\"\u0423\u0437\u043d\u0430\u0442\u044c \u0431\u043e\u043b\u044c\u0448\u0435\">\u0414\u0435\u0440\u0435\u0432\u044f\u043d\u043d\u044b\u0435 \u0436\u0430\u043b\u044e\u0437\u0438<\/a><\/h3><\/div><p><\/p><\/div><\/div>[\/vc_column][\/vc_row][vc_row full_width=&#187;stretch_row&#187; el_class=&#187;our-services-list&#187; css=&#187;.vc_custom_1633537786842{background-position: 0 0 !important;background-repeat: no-repeat !important;}&#187; addstyles=&#187;background-position:left top !important;&#187;][vc_column]<div id=\"1633537494155-dff76164-d922\" class=\"dt-sc-empty-space\"><\/div>[\/vc_column][\/vc_row]<\/p>\n<\/div>","protected":false},"excerpt":{"rendered":"<p>[vc_row full_width=&#187;stretch_row&#187; el_class=&#187;our-services-list&#187; css=&#187;.vc_custom_1634046865562{background-position: 0 0 !important;background-repeat: no-repeat !important;}&#187; addstyles=&#187;background-position:left top !important;&#187;][vc_column]\u041d\u0430\u0448\u0438 \u0440\u0430\u0431\u043e\u0442\u044b[vc_column_text]\u0416\u0430\u043b\u044e\u0437\u0438 &#8212; \u044d\u0442\u043e \u043f\u0440\u0430\u043a\u0442\u0438\u0447\u043d\u043e\u0435 \u0438 \u0441\u0442\u0438\u043b\u044c\u043d\u043e\u0435 \u0440\u0435\u0448\u0435\u043d\u0438\u0435 \u0434\u043b\u044f \u0438\u043d\u0442\u0435\u0440\u044c\u0435\u0440\u0430, \u043e\u0431\u0435\u0441\u043f\u0435\u0447\u0438\u0432\u0430\u044e\u0449\u0435\u0435 \u043a\u0430\u043a \u044d\u0441\u0442\u0435\u0442\u0438\u043a\u0443, \u0442\u0430\u043a \u0438 \u0444\u0443\u043d\u043a\u0446\u0438\u043e\u043d\u0430\u043b\u044c\u043d\u043e\u0441\u0442\u044c. \u041d\u0430\u0448\u0430 \u043a\u043e\u043c\u043f\u0430\u043d\u0438\u044f \u043f\u0440\u0435\u0434\u043b\u0430\u0433\u0430\u0435\u0442 \u0448\u0438\u0440\u043e\u043a\u0438\u0439 \u0430\u0441\u0441\u043e\u0440\u0442\u0438\u043c\u0435\u043d\u0442 \u0436\u0430\u043b\u044e\u0437\u0438, \u043f\u043e\u0434\u0445\u043e\u0434\u044f\u0449\u0438\u0445 \u0434\u043b\u044f \u0440\u0430\u0437\u043b\u0438\u0447\u043d\u044b\u0445 \u043f\u043e\u0442\u0440\u0435\u0431\u043d\u043e\u0441\u0442\u0435\u0439 \u0438 \u0432\u043a\u0443\u0441\u043e\u0432.[\/vc_column_text][\/vc_column][\/vc_row][vc_row full_width=&#187;stretch_row&#187;][vc_column width=&#187;1\/3&#8243;]\u0416\u0430\u043b\u044e\u0437\u0438 \u0434\u0435\u043d\u044c \u043d\u043e\u0447\u044c\u0420\u0438\u043c\u0441\u043a\u0438\u0435 \u0436\u0430\u043b\u044e\u0437\u0438[\/vc_column][vc_column width=&#187;1\/3&#8243;]\u041a\u0430\u0441\u0441\u0435\u0442\u043d\u044b\u0435 \u0436\u0430\u043b\u044e\u0437\u0438\u0420\u043e\u043b\u043b\u043e \u0436\u0430\u043b\u044e\u0437\u0438[\/vc_column][vc_column width=&#187;1\/3&#8243;]\u0414\u0435\u0440\u0435\u0432\u044f\u043d\u043d\u044b\u0435 \u0436\u0430\u043b\u044e\u0437\u0438[\/vc_column][\/vc_row][vc_row full_width=&#187;stretch_row&#187; el_class=&#187;our-services-list&#187; css=&#187;.vc_custom_1633537786842{background-position: 0 0 !important;background-repeat: [&hellip;]<\/p>\n","protected":false},"author":1,"featured_media":0,"parent":0,"menu_order":0,"comment_status":"closed","ping_status":"closed","template":"","meta":{"footnotes":""},"class_list":["post-21485","page","type-page","status-publish","hentry"],"_links":{"self":[{"href":"https:\/\/agendaep.lv\/ru\/wp-json\/wp\/v2\/pages\/21485","targetHints":{"allow":["GET"]}}],"collection":[{"href":"https:\/\/agendaep.lv\/ru\/wp-json\/wp\/v2\/pages"}],"about":[{"href":"https:\/\/agendaep.lv\/ru\/wp-json\/wp\/v2\/types\/page"}],"author":[{"embeddable":true,"href":"https:\/\/agendaep.lv\/ru\/wp-json\/wp\/v2\/users\/1"}],"replies":[{"embeddable":true,"href":"https:\/\/agendaep.lv\/ru\/wp-json\/wp\/v2\/comments?post=21485"}],"version-history":[{"count":0,"href":"https:\/\/agendaep.lv\/ru\/wp-json\/wp\/v2\/pages\/21485\/revisions"}],"wp:attachment":[{"href":"https:\/\/agendaep.lv\/ru\/wp-json\/wp\/v2\/media?parent=21485"}],"curies":[{"name":"wp","href":"https:\/\/api.w.org\/{rel}","templated":true}]}}