{"id":20704,"date":"2021-10-09T14:48:24","date_gmt":"2021-10-09T14:48:24","guid":{"rendered":"https:\/\/agendaep.lv\/?page_id=20704"},"modified":"2024-04-09T11:28:27","modified_gmt":"2024-04-09T11:28:27","slug":"otzivi","status":"publish","type":"page","link":"https:\/\/agendaep.lv\/ru\/otzivi\/","title":{"rendered":"\u041e\u0442\u0437\u044b\u0432\u044b"},"content":{"rendered":"<div class=\"wpb-content-wrapper\"><p>[vc_row full_width=&#187;stretch_row&#187; css=&#187;.vc_custom_1633599082131{background-position: 0 0 !important;background-repeat: no-repeat !important;}&#187; el_class=&#187;contact-form-layout&#187;][vc_column]<div class='dt-sc-title with-separator-bottom  dt-primary-color default-title aligncenter' data-delay='0'><h1 class='dt-sc-main-heading'>\u041e\u0441\u0442\u0430\u0432\u044c\u0442\u0435 \u043e\u0442\u0437\u044b\u0432 \u043e \u043a\u0430\u0447\u0435\u0441\u0442\u0432\u0435 \u043d\u0430\u0448\u0438\u0445 \u0443\u0441\u043b\u0443\u0433<\/h1><h3 class='dt-sc-sub-heading'><\/h3><\/div>\n<div class=\"wpcf7 no-js\" id=\"wpcf7-f20965-o1\" lang=\"en-US\" dir=\"ltr\" data-wpcf7-id=\"20965\">\n<div class=\"screen-reader-response\"><p role=\"status\" aria-live=\"polite\" aria-atomic=\"true\"><\/p> <ul><\/ul><\/div>\n<form action=\"\/ru\/wp-json\/wp\/v2\/pages\/20704#wpcf7-f20965-o1\" method=\"post\" class=\"wpcf7-form init contact-form\" aria-label=\"Contact form\" novalidate=\"novalidate\" data-status=\"init\">\n<fieldset class=\"hidden-fields-container\"><input type=\"hidden\" name=\"_wpcf7\" value=\"20965\" \/><input type=\"hidden\" name=\"_wpcf7_version\" value=\"6.1.5\" \/><input type=\"hidden\" name=\"_wpcf7_locale\" value=\"en_US\" \/><input type=\"hidden\" name=\"_wpcf7_unit_tag\" value=\"wpcf7-f20965-o1\" \/><input type=\"hidden\" name=\"_wpcf7_container_post\" value=\"0\" \/><input type=\"hidden\" name=\"_wpcf7_posted_data_hash\" value=\"\" \/>\n<\/fieldset>\n<div class=\"column dt-sc-one-column first\">\n\t<p><i class=\"fa fa-user\"><\/i><span class=\"wpcf7-form-control-wrap\" data-name=\"first_name\"><input size=\"40\" maxlength=\"400\" class=\"wpcf7-form-control wpcf7-text wpcf7-validates-as-required\" aria-required=\"true\" aria-invalid=\"false\" placeholder=\"\u0418\u043c\u044f\" value=\"\" type=\"text\" name=\"first_name\" \/><\/span>\n\t<\/p>\n<\/div>\n<div class=\"column dt-sc-one-half first\">\n\t<p><i class=\"fa fa-envelope\"><\/i><span class=\"wpcf7-form-control-wrap\" data-name=\"email-167\"><input size=\"40\" maxlength=\"400\" class=\"wpcf7-form-control wpcf7-email wpcf7-validates-as-required wpcf7-text wpcf7-validates-as-email\" aria-required=\"true\" aria-invalid=\"false\" placeholder=\"\u042d\u043b.\u041f\u043e\u0447\u0442\u0430\" value=\"\" type=\"email\" name=\"email-167\" \/><\/span>\n\t<\/p>\n<\/div>\n<div class=\"column dt-sc-one-half\">\n\t<p><i class=\"fa fa-phone\"><\/i><span class=\"wpcf7-form-control-wrap\" data-name=\"tel\"><input size=\"40\" maxlength=\"400\" class=\"wpcf7-form-control wpcf7-tel wpcf7-validates-as-required wpcf7-text wpcf7-validates-as-tel\" aria-required=\"true\" aria-invalid=\"false\" placeholder=\"\u0422\u0435\u043b\u0435\u0444\u043e\u043d\" value=\"\" type=\"tel\" name=\"tel\" \/><\/span>\n\t<\/p>\n<\/div>\n<div class=\"column dt-sc-one-column first\">\n\t<p><i class=\"fa fa-pencil-square-o\"><\/i><span class=\"wpcf7-form-control-wrap\" data-name=\"textarea-960\"><textarea cols=\"40\" rows=\"10\" maxlength=\"2000\" class=\"wpcf7-form-control wpcf7-textarea\" aria-invalid=\"false\" placeholder=\"\u0412\u0430\u0448 \u043e\u0442\u0437\u044b\u0432\" name=\"textarea-960\"><\/textarea><\/span>\n\t<\/p>\n<\/div>\n<div class=\"aligncenter\">\n\t<div id=\"cf7sr-69e46dc16274d\" class=\"cf7sr-g-recaptcha\" data-theme=\"light\" data-type=\"image\" data-size=\"normal\" data-sitekey=\"6LdfVo4dAAAAAANNVuKVn3tR0WTWzIBeyElkOp8o\"><\/div><span class=\"wpcf7-form-control-wrap cf7sr-recaptcha\" data-name=\"cf7sr-recaptcha\"><input type=\"hidden\" name=\"cf7sr-recaptcha\" value=\"\" class=\"wpcf7-form-control\"><\/span><button class=\"dt-sc-button default-button\">\u041e\u0442\u043f\u0440\u0430\u0432\u0438\u0442\u044c<\/button>\n\t<\/p>\n<\/div><div class=\"wpcf7-response-output\" aria-hidden=\"true\"><\/div>\n<\/form>\n<\/div>\n<div id=\"1633590296151-f09da37c-6792\" class=\"dt-sc-empty-space\"><\/div>[\/vc_column][\/vc_row][vc_row][vc_column][vc_row_inner][vc_column_inner]<div class='dt-sc-testimonial-wrapper ' data-delay='0'><div class='dt-sc-testimonial type1 '><div class=\"dt-sc-testimonial-author\"><\/div><div class=\"dt-sc-testimonial-quote\"><blockquote><q><div id=\"testimonial-443\" class=\"testimonial-wrapper\">\n<div class=\"testimonial\">\n<div id=\"testimonial-440\" class=\"testimonial-wrapper\">\n<div class=\"testimonial\">\n<div id=\"testimonial-441\" class=\"testimonial-wrapper\">\n<div class=\"testimonial\">\n<div id=\"testimonial-16241\" class=\"testimonial-wrapper\">\n<div class=\"testimonial\">\n<p>\u041d\u0430 \u0434\u043d\u044f\u0445 \u043e\u0431\u0443\u0441\u0442\u0440\u0430\u0438\u0432\u0430\u043b\u0438 \u0440\u0430\u0431\u043e\u0447\u0435\u0435 \u043f\u043e\u043c\u0435\u0449\u0435\u043d\u0438\u0435 \u0438 \u0434\u043e\u043b\u0433\u043e \u043d\u0435 \u043c\u043e\u0433\u043b\u0438 \u043e\u043f\u0440\u0435\u0434\u0435\u043b\u0438\u0442\u044c\u0441\u044f \u0441 \u0432\u044b\u0431\u043e\u0440\u043e\u043c \u0436\u0430\u043b\u044e\u0437\u0435\u0439 \u0438 \u0448\u0442\u043e\u0440, \u043d\u043e \u0441\u043f\u0430\u0441\u0438\u0431\u043e \u0441\u043e\u0442\u0440\u0443\u0434\u043d\u0438\u043a\u0430\u043c Agendaep \u0441\u043c\u043e\u0433\u043b\u0438 \u0438\u0434\u0435\u0430\u043b\u044c\u043d\u043e \u043f\u043e\u0434\u043e\u0431\u0440\u0430\u0442\u044c \u0448\u0442\u043e\u0440\u044b, \u043a\u043e\u0442\u043e\u0440\u044b\u0435 \u0432\u043f\u0438\u0441\u0430\u043b\u0438\u0441\u044c \u0432 \u0441\u0442\u0438\u043b\u0438\u0441\u0442\u0438\u043a\u0443 \u043f\u043e\u043c\u0435\u0449\u0435\u043d\u0438\u044f.<\/p>\n<\/div>\n<\/div>\n<\/div>\n<\/div>\n<\/div>\n<\/div>\n<\/div>\n<\/div><\/q><cite>\u0415\u043a\u0430\u0442\u0435\u0440\u0438\u043d\u0430<small>\u041a\u043b\u0438\u0435\u043d\u0442<\/small><\/cite><\/blockquote><\/div><\/div><\/div><div class='dt-sc-testimonial-wrapper ' data-delay='0'><div class='dt-sc-testimonial type1 '><div class=\"dt-sc-testimonial-author\"><\/div><div class=\"dt-sc-testimonial-quote\"><blockquote><q><div id=\"testimonial-443\" class=\"testimonial-wrapper\">\n<div class=\"testimonial\">\n<div id=\"testimonial-440\" class=\"testimonial-wrapper\">\n<div class=\"testimonial\">\n<div id=\"testimonial-441\" class=\"testimonial-wrapper\">\n<div class=\"testimonial\">\n<div id=\"testimonial-16241\" class=\"testimonial-wrapper\">\n<div class=\"testimonial\">\n<div id=\"testimonial-310\" class=\"testimonial-wrapper\">\n<div class=\"testimonial\">\n<p>\u041f\u0440\u0438\u043e\u0431\u0440\u0435\u043b\u0430 \u0440\u043e\u0434\u0438\u0442\u0435\u043b\u044f\u043c \u0436\u0430\u043b\u044e\u0437\u0438. \u041a\u0430\u0447\u0435\u0441\u0442\u0432\u043e \u043f\u0440\u0435\u043a\u0440\u0430\u0441\u043d\u043e\u0435 \u0441 \u0441\u043e\u0432\u0440\u0435\u043c\u0435\u043d\u043d\u044b\u043c \u0434\u0438\u0437\u0430\u0439\u043d\u043e\u043c.<\/p>\n<\/div>\n<\/div>\n<\/div>\n<\/div>\n<\/div>\n<\/div>\n<\/div>\n<\/div>\n<\/div>\n<\/div><\/q><cite>\u041e\u043b\u044c\u0433\u0430<small>\u041a\u043b\u0438\u0435\u043d\u0442<\/small><\/cite><\/blockquote><\/div><\/div><\/div><div class='dt-sc-testimonial-wrapper ' data-delay='0'><div class='dt-sc-testimonial type1 '><div class=\"dt-sc-testimonial-author\"><\/div><div class=\"dt-sc-testimonial-quote\"><blockquote><q><div id=\"testimonial-443\" class=\"testimonial-wrapper\">\n<div class=\"testimonial\">\n<div id=\"testimonial-440\" class=\"testimonial-wrapper\">\n<div class=\"testimonial\">\n<div id=\"testimonial-441\" class=\"testimonial-wrapper\">\n<div class=\"testimonial\">\n<div id=\"testimonial-16241\" class=\"testimonial-wrapper\">\n<div class=\"testimonial\">\n<div id=\"testimonial-310\" class=\"testimonial-wrapper\">\n<div class=\"testimonial\">\n<div id=\"testimonial-314\" class=\"testimonial-wrapper\">\n<div class=\"testimonial\">\n<p>\u0423\u0432\u0438\u0434\u0435\u043b\u0430 \u0443 \u043f\u043e\u0434\u0440\u0443\u0433\u0438 \u0448\u0442\u043e\u0440\u044b \u0441 \u043f\u0435\u0447\u0430\u0442\u044c\u044e, \u0438 \u0437\u0430\u0445\u043e\u0442\u0435\u043b\u0430 \u043f\u0440\u0438\u043e\u0431\u0440\u0435\u0441\u0442\u0438 \u0441\u043e\u0432\u0440\u0435\u043c\u0435\u043d\u043d\u044b\u0435 \u0448\u0442\u043e\u0440\u044b. \u041d\u0430\u0448\u043b\u0430 \u043d\u0430 \u0441\u0430\u0439\u0442\u0435 \u0438 \u0440\u0435\u0448\u0438\u043b\u0430 \u043f\u0440\u0438\u043e\u0431\u0440\u0435\u0441\u0442\u0438. \u041a\u0430\u0447\u0435\u0441\u0442\u0432\u043e \u0441\u043e\u043e\u0442\u0432\u0435\u0442\u0441\u0442\u0432\u0443\u0435\u0442 \u0441\u0442\u043e\u0438\u043c\u043e\u0441\u0442\u0438.<\/p>\n<\/div>\n<\/div>\n<\/div>\n<\/div>\n<\/div>\n<\/div>\n<\/div>\n<\/div>\n<\/div>\n<\/div>\n<\/div>\n<\/div><\/q><cite>\u041d\u0430\u0442\u0430\u043b\u0438\u044f<small>\u041a\u043b\u0438\u0435\u043d\u0442<\/small><\/cite><\/blockquote><\/div><\/div><\/div><div class='dt-sc-testimonial-wrapper ' data-delay='0'><div class='dt-sc-testimonial type1 '><div class=\"dt-sc-testimonial-author\"><\/div><div class=\"dt-sc-testimonial-quote\"><blockquote><q><div id=\"testimonial-443\" class=\"testimonial-wrapper\">\n<div class=\"testimonial\">\n<div id=\"testimonial-440\" class=\"testimonial-wrapper\">\n<div class=\"testimonial\">\n<div id=\"testimonial-441\" class=\"testimonial-wrapper\">\n<div class=\"testimonial\">\n<div id=\"testimonial-16241\" class=\"testimonial-wrapper\">\n<div class=\"testimonial\">\n<div id=\"testimonial-310\" class=\"testimonial-wrapper\">\n<div class=\"testimonial\">\n<div id=\"testimonial-314\" class=\"testimonial-wrapper\">\n<div class=\"testimonial\">\n<p>\u0412\u043f\u0435\u0440\u0432\u044b\u0435 \u044d\u0442\u0438 \u0447\u0443\u0434\u043e-\u0448\u0442\u043e\u0440\u044b \u0438\u0441\u043f\u0440\u043e\u0431\u044b\u0432\u0430\u043b\u0430 \u0443 \u0440\u043e\u0434\u0438\u0442\u0435\u043b\u0435\u0439. \u0428\u0442\u043e\u0440\u044b \u0443 \u043d\u0438\u0445 100% \u0437\u0430\u0442\u0435\u043c\u043d\u0435\u043d\u0438\u0435 \u0438 \u043a\u0440\u0435\u043f\u044f\u0442\u0441\u044f \u043d\u0435\u043f\u043e\u0441\u0440\u0435\u0434\u0441\u0442\u0432\u0435\u043d\u043d\u043e \u043d\u0430 \u0441\u0430\u043c\u043e\u043c \u043e\u043a\u043d\u0435.\n\u0421\u0435\u0431\u0435 \u043a\u0443\u043f\u0438\u0442\u044c \u044d\u0442\u0438 \u0448\u0442\u043e\u0440\u044b \u043c\u044b \u0440\u0435\u0448\u0438\u043b \u043f\u043e\u0441\u043b\u0435 \u043f\u0435\u0440\u0435\u0437\u0434\u0430 \u0432 \u043d\u043e\u0432\u043e\u0435 \u0436\u0438\u043b\u0438\u0449\u0435, \u043a\u043e\u0442\u043e\u0440\u043e\u0435 \u043d\u0430\u0445\u043e\u0434\u0438\u0442\u0441\u044f \u043d\u0430 \u0441\u0442\u043e\u0440\u043e\u043d\u0435 \u041f\u0410\u041b\u042f\u0429\u0415\u0413\u041e \u0441\u043e\u043b\u043d\u0446\u0430! \u0414\u0430, \u0435\u0449\u0451 \u0441 \u0432\u044b\u0441\u043e\u0442\u043e\u0439 \u043f\u043e\u0442\u043e\u043b\u043a\u043e\u0432 (3,5), \u0441\u043e\u043e\u0442\u0432\u0435\u0442\u0441\u0442\u0432\u0435\u043d\u043d\u043e \u0438 \u043e\u043a\u043e\u043d \u043d\u0430\u043c \u043f\u043e\u0432\u0435\u0437\u043b\u043e \u043d\u0435 \u0441\u043a\u0430\u0437\u0430\u043d\u043d\u043e. \u041e\u043a\u043d\u0430 \u0432\u044b\u0441\u043e\u0442\u043e\u0439 2,5 \u043c\u0435\u0442\u0440\u0430. \u041d\u0430 \u043e\u0431\u0449\u0435\u043c \u0441\u043e\u0431\u0440\u0430\u043d\u0438\u0438 \u043d\u0430\u0448\u0435\u0439 \u0441\u0435\u043c\u044c\u0438 \u0431\u044b\u043b\u043e \u0440\u0435\u0448\u0435\u043d\u043e \u043a\u0443\u043f\u0438\u0442\u044c \u0440\u0443\u043b\u043e\u043d\u043d\u044b\u0435 \u0448\u0442\u043e\u0440\u044b \u043d\u0430 \u0437\u0430\u043a\u0430\u0437 (\u0443\u0434\u043e\u0432\u043e\u043b\u044c\u0441\u0442\u0432\u0438\u0435 \u043d\u0435 \u0438\u0437 \u0434\u0435\u0448\u0435\u0432\u044b\u0445), \u0442\u0430\u043a \u043a\u0430\u043a \u0432\u0441\u0435 \u043c\u0430\u0433\u0430\u0437\u0438\u043d\u043d\u044b\u0435 \u0448\u0442\u043e\u0440\u044b \u043d\u0430\u043c \u043d\u0435 \u043f\u043e\u0434\u0445\u043e\u0434\u0438\u043b\u0438, \u0430 \u0448\u0438\u0442\u044c \u0441\u0430\u043c\u043e\u0439 \u2013 \u0440\u0443\u043a\u0438 \u043d\u0435 \u0438\u0437 \u0442\u043e\u0433\u043e \u043c\u0435\u0441\u0442\u0430 \u0440\u0430\u0441\u0442\u0443\u0442 Smile\n\u041a\u0443\u043f\u0438\u043b\u0438 \u043d\u0435 \u043f\u043e\u043b\u043d\u044b\u043c \u0437\u0430\u0442\u0435\u043c\u043d\u0435\u043d\u0438\u0435\u043c, \u0430 50%, \u0447\u0442\u043e\u0431\u044b \u0438 \u0434\u043d\u0435\u043c \u043f\u0440\u0438\u043a\u0440\u044b\u043b \u0438\u0445 \u0438 \u0432\u0438\u0434\u043d\u043e \u0431\u044b\u043b\u043e, \u0447\u0442\u043e \u0435\u0449\u0435 \u0434\u0435\u043d\u044c \u043d\u0430 \u0434\u0432\u043e\u0440\u0435.<\/p>\n<\/div>\n<\/div>\n<\/div>\n<\/div>\n<\/div>\n<\/div>\n<\/div>\n<\/div>\n<\/div>\n<\/div>\n<\/div>\n<\/div><\/q><cite>\u041e\u043b\u044c\u0433\u0430<small>\u041a\u043b\u0438\u0435\u043d\u0442<\/small><\/cite><\/blockquote><\/div><\/div><\/div><div class='dt-sc-testimonial-wrapper ' data-delay='0'><div class='dt-sc-testimonial type1 '><div class=\"dt-sc-testimonial-author\"><\/div><div class=\"dt-sc-testimonial-quote\"><blockquote><q><div id=\"testimonial-443\" class=\"testimonial-wrapper\">\n<div class=\"testimonial\">\n<div id=\"testimonial-440\" class=\"testimonial-wrapper\">\n<div class=\"testimonial\">\n<div id=\"testimonial-441\" class=\"testimonial-wrapper\">\n<div class=\"testimonial\">\n<div id=\"testimonial-16241\" class=\"testimonial-wrapper\">\n<div class=\"testimonial\">\n<div id=\"testimonial-310\" class=\"testimonial-wrapper\">\n<div class=\"testimonial\">\n<div id=\"testimonial-314\" class=\"testimonial-wrapper\">\n<div class=\"testimonial\">\n<div class=\"container-fluid rel\">\n<div class=\"container\">\n<div class=\"asside-page page-\">\n<div class=\"col-page\">\n<div class=\"testimonials-row\">\n<div class=\"article-testimonials rel\">\n<div id=\"testimonial-252\" class=\"testimonial-wrapper\">\n<div class=\"testimonial\">\n<p>\u0420\u0443\u043b\u043e\u043d\u043d\u0430\u044f \u0448\u0442\u043e\u0440\u0430 \u201c\u0414\u0435\u043d\u044c-\u041d\u043e\u0447\u044c\u201d \u0434\u043b\u044f \u043c\u0435\u043d\u044f \u0441\u0442\u0430\u043b\u0430 \u0441\u043f\u0430\u0441\u0435\u043d\u0438\u0435\u043c \u043d\u0430 \u043a\u0443\u0445\u043d\u0435, \u043f\u043e\u0442\u043e\u043c\u0443 \u0447\u0442\u043e, \u0441 \u043e\u0434\u043d\u043e\u0439 \u0441\u0442\u043e\u0440\u043e\u043d\u044b, \u043c\u043d\u0435 \u0445\u043e\u0442\u0435\u043b\u043e\u0441\u044c, \u0447\u0442\u043e\u0431\u044b \u0437\u0430\u043d\u0430\u0432\u0435\u0441\u043a\u0438 \u043d\u0435 \u0437\u0430\u043d\u0438\u043c\u0430\u043b\u0438 \u043c\u0435\u0441\u0442\u0430, \u0441 \u0434\u0440\u0443\u0433\u043e\u0439 \u0441\u0442\u043e\u0440\u043e\u043d\u044b, \u0432\u0441\u0435\u0433\u0434\u0430 \u043c\u043e\u0436\u043d\u043e \u0431\u044b\u043b\u043e \u0441\u043a\u0440\u044b\u0442\u044c\u0441\u044f \u043e\u0442 \u0447\u0443\u0436\u0438\u0445 \u0433\u043b\u0430\u0437, \u0434\u0430\u0436\u0435 \u0434\u043d\u0435\u043c, \u043d\u043e \u043f\u0440\u0438 \u044d\u0442\u043e\u043c \u0447\u0442\u043e\u0431\u044b \u0441\u043e\u043b\u043d\u0435\u0447\u043d\u044b\u0439 \u0441\u0432\u0435\u0442 \u043f\u0440\u043e\u0434\u043e\u043b\u0436\u0430\u043b \u043f\u043e\u043f\u0430\u0434\u0430\u0442\u044c \u0432 \u043f\u043e\u043c\u0435\u0449\u0435\u043d\u0438\u0435. \u0418\u0442\u0430\u043a, \u0432 \u0447\u0435\u043c \u0436\u0435 \u0435\u0451 \u043e\u0442\u043b\u0438\u0447\u0438\u0435 \u043e\u0442 \u043e\u0431\u044b\u0447\u043d\u043e\u0439 \u0440\u0443\u043b\u043e\u043d\u043d\u043e\u0439 \u0448\u0442\u043e\u0440\u044b?<\/p>\n<\/div>\n<\/div>\n<\/div>\n<\/div>\n<\/div>\n<\/div>\n<\/div>\n<\/div>\n<\/div>\n<\/div>\n<\/div>\n<\/div>\n<\/div>\n<\/div>\n<\/div>\n<\/div>\n<\/div>\n<\/div>\n<\/div>\n<\/div><\/q><cite>\u041f\u0430\u043b\u043d\u0430<small>\u041a\u043b\u0438\u0435\u043d\u0442<\/small><\/cite><\/blockquote><\/div><\/div><\/div><div class='dt-sc-testimonial-wrapper ' data-delay='0'><div class='dt-sc-testimonial type1 '><div class=\"dt-sc-testimonial-author\"><\/div><div class=\"dt-sc-testimonial-quote\"><blockquote><q>M\u0113s dz\u012bvojam saules pus\u0113, t\u0101d\u0113\u013c \u017eal\u016bzijas balkona logiem mums bija \u013coti nepiecie\u0161amas. No domas par tradicion\u0101laj\u0101m horizont\u0101laj\u0101m vai vertik\u0101laj\u0101m \u017eal\u016bzij\u0101m atteic\u0101mies uzreiz, jo m\u016bsupr\u0101t, t\u0101s izskat\u0101s p\u0101r\u0101k ofici\u0101li, k\u0101 ofis\u0101. Romie\u0161u \u017eal\u016bzijas ir skaistas, bet vair\u0101k piest\u0101v istab\u0101 nevis uz balkona. Galu gal\u0101 palik\u0101m pie rullo \u017eal\u016bzij\u0101m. Firmu samekl\u0113j\u0101m internet\u0101, jo nek\u0101du rekomend\u0101ciju mums nebija. Izv\u0113l\u0113j\u0101mies firmu AGENDA EP ar ko ar\u012b esam \u013coti apmierin\u0101ti.<\/q><cite>Nad\u012bna<small>Klients<\/small><\/cite><\/blockquote><\/div><\/div><\/div><div class='dt-sc-testimonial-wrapper ' data-delay='0'><div class='dt-sc-testimonial type1 '><div class=\"dt-sc-testimonial-author\"><\/div><div class=\"dt-sc-testimonial-quote\"><blockquote><q><div id=\"testimonial-443\" class=\"testimonial-wrapper\">\n<div class=\"testimonial\">\n<p>Nol\u0113m\u0101m balkon\u0101 uzlikt \u017eal\u016bzijas un v\u0113rs\u0101mies pie firmas AGENDA EP. M\u016bsu balkons ir saules pus\u0113 un vasar\u0101 jau no 11. r\u012bt\u0101 saule sp\u012bd tie\u0161i logos, k\u013c\u016bst neizturami karsti. M\u016bsu balkons ir iestiklots, t\u0101d\u0113\u013c modernas rullo kasetes , uzmont\u0113tas katra uz savas loga v\u0113rtnes,ir \u0113rti lietojamas un izskat\u0101s stil\u012bgi. M\u0113s esam saj\u016bsm\u0101 par rezult\u0101tu.<\/p>\n<\/div>\n<\/div><\/q><cite>Ada<small>Klients<\/small><\/cite><\/blockquote><\/div><\/div><\/div><div class='dt-sc-testimonial-wrapper ' data-delay='0'><div class='dt-sc-testimonial type1 '><div class=\"dt-sc-testimonial-author\"><\/div><div class=\"dt-sc-testimonial-quote\"><blockquote><q><div id=\"testimonial-443\" class=\"testimonial-wrapper\">\n<div class=\"testimonial\">\n<div id=\"testimonial-440\" class=\"testimonial-wrapper\">\n<div class=\"testimonial\">\n<p>Esmu \u013coti apmierin\u0101ta, ka rullo \u017eal\u016bzijas ieg\u0101d\u0101jos tie\u0161i \u0161eit. Ilgi nevar\u0113j\u0101m izdar\u012bt izv\u0113li, bet kas l\u0113ni n\u0101k, tas labi n\u0101k. Virtuvei izv\u0113l\u0113jos \u017eal\u016bzijas no materi\u0101la, kura otra puse p\u0101rkl\u0101ta ar sudrabainu siltumu aizturo\u0161u p\u0101rkl\u0101jumu. \u017dal\u016bzija izgatavota no poliestera, kas apstr\u0101d\u0101ts ar speci\u0101lu putek\u013cus atgr\u016b\u017eo\u0161u sast\u0101vu. Tie\u0161\u0101m, gada laik\u0101 p\u0101ris reizes p\u0101rvilku ar putek\u013cu sloti\u0146u, bet putek\u013cu t\u0101 ari nav.<\/p>\n<\/div>\n<\/div>\n<\/div>\n<\/div><\/q><cite>Cristine<small>Klients<\/small><\/cite><\/blockquote><\/div><\/div><\/div><div class='dt-sc-testimonial-wrapper ' data-delay='0'><div class='dt-sc-testimonial type1 '><div class=\"dt-sc-testimonial-author\"><\/div><div class=\"dt-sc-testimonial-quote\"><blockquote><q><div id=\"testimonial-443\" class=\"testimonial-wrapper\">\n<div class=\"testimonial\">\n<div id=\"testimonial-440\" class=\"testimonial-wrapper\">\n<div class=\"testimonial\">\n<div id=\"testimonial-441\" class=\"testimonial-wrapper\">\n<div class=\"testimonial\">\n<p>Pateicoties Agendai viegli un \u0101tri nomain\u012bjam \u017eal\u016bzijas z\u0101l\u0113. Viss, kas tika pras\u012bts no mums- izv\u0113leties materi\u0101lu. M\u0113s ar v\u012bru piezvan\u012bjam un noform\u0113j\u0101m meistara izsaukumu. Jau otr\u0101 dien\u0101 meistars atbrauca ar \u017eal\u016bziju materi\u0101lu paraugiem, vienoj\u0101mies par materi\u0101lu, meistars nom\u0113r\u012bja logus, nopreciz\u0113ja visas deta\u013cas un jau p\u0113c ned\u0113\u013cas mums jau bija jaunas \u017eal\u016bzijas. Pui\u0161i izdar\u012bja visu \u013coti \u0101tri un k\u0101rt\u012bgi, paldies.<\/p>\n<\/div>\n<\/div>\n<\/div>\n<\/div>\n<\/div>\n<\/div><\/q><cite>Inese<small>Klients<\/small><\/cite><\/blockquote><\/div><\/div><\/div>[\/vc_column_inner][\/vc_row_inner][\/vc_column][\/vc_row]<\/p>\n<\/div>","protected":false},"excerpt":{"rendered":"<p>[vc_row full_width=&#187;stretch_row&#187; css=&#187;.vc_custom_1633599082131{background-position: 0 0 !important;background-repeat: no-repeat !important;}&#187; el_class=&#187;contact-form-layout&#187;][vc_column]\u041e\u0441\u0442\u0430\u0432\u044c\u0442\u0435 \u043e\u0442\u0437\u044b\u0432 \u043e \u043a\u0430\u0447\u0435\u0441\u0442\u0432\u0435 \u043d\u0430\u0448\u0438\u0445 \u0443\u0441\u043b\u0443\u0433 \u041e\u0442\u043f\u0440\u0430\u0432\u0438\u0442\u044c [\/vc_column][\/vc_row][vc_row][vc_column][vc_row_inner][vc_column_inner] \u041d\u0430 \u0434\u043d\u044f\u0445 \u043e\u0431\u0443\u0441\u0442\u0440\u0430\u0438\u0432\u0430\u043b\u0438 \u0440\u0430\u0431\u043e\u0447\u0435\u0435 \u043f\u043e\u043c\u0435\u0449\u0435\u043d\u0438\u0435 \u0438 \u0434\u043e\u043b\u0433\u043e \u043d\u0435 \u043c\u043e\u0433\u043b\u0438 \u043e\u043f\u0440\u0435\u0434\u0435\u043b\u0438\u0442\u044c\u0441\u044f \u0441 \u0432\u044b\u0431\u043e\u0440\u043e\u043c \u0436\u0430\u043b\u044e\u0437\u0435\u0439 \u0438 \u0448\u0442\u043e\u0440, \u043d\u043e \u0441\u043f\u0430\u0441\u0438\u0431\u043e \u0441\u043e\u0442\u0440\u0443\u0434\u043d\u0438\u043a\u0430\u043c Agendaep \u0441\u043c\u043e\u0433\u043b\u0438 \u0438\u0434\u0435\u0430\u043b\u044c\u043d\u043e \u043f\u043e\u0434\u043e\u0431\u0440\u0430\u0442\u044c \u0448\u0442\u043e\u0440\u044b, \u043a\u043e\u0442\u043e\u0440\u044b\u0435 \u0432\u043f\u0438\u0441\u0430\u043b\u0438\u0441\u044c \u0432 \u0441\u0442\u0438\u043b\u0438\u0441\u0442\u0438\u043a\u0443 \u043f\u043e\u043c\u0435\u0449\u0435\u043d\u0438\u044f. \u0415\u043a\u0430\u0442\u0435\u0440\u0438\u043d\u0430\u041a\u043b\u0438\u0435\u043d\u0442 \u041f\u0440\u0438\u043e\u0431\u0440\u0435\u043b\u0430 \u0440\u043e\u0434\u0438\u0442\u0435\u043b\u044f\u043c \u0436\u0430\u043b\u044e\u0437\u0438. \u041a\u0430\u0447\u0435\u0441\u0442\u0432\u043e \u043f\u0440\u0435\u043a\u0440\u0430\u0441\u043d\u043e\u0435 \u0441 \u0441\u043e\u0432\u0440\u0435\u043c\u0435\u043d\u043d\u044b\u043c \u0434\u0438\u0437\u0430\u0439\u043d\u043e\u043c. \u041e\u043b\u044c\u0433\u0430\u041a\u043b\u0438\u0435\u043d\u0442 \u0423\u0432\u0438\u0434\u0435\u043b\u0430 [&hellip;]<\/p>\n","protected":false},"author":1,"featured_media":0,"parent":0,"menu_order":0,"comment_status":"closed","ping_status":"closed","template":"","meta":{"footnotes":""},"class_list":["post-20704","page","type-page","status-publish","hentry"],"_links":{"self":[{"href":"https:\/\/agendaep.lv\/ru\/wp-json\/wp\/v2\/pages\/20704","targetHints":{"allow":["GET"]}}],"collection":[{"href":"https:\/\/agendaep.lv\/ru\/wp-json\/wp\/v2\/pages"}],"about":[{"href":"https:\/\/agendaep.lv\/ru\/wp-json\/wp\/v2\/types\/page"}],"author":[{"embeddable":true,"href":"https:\/\/agendaep.lv\/ru\/wp-json\/wp\/v2\/users\/1"}],"replies":[{"embeddable":true,"href":"https:\/\/agendaep.lv\/ru\/wp-json\/wp\/v2\/comments?post=20704"}],"version-history":[{"count":0,"href":"https:\/\/agendaep.lv\/ru\/wp-json\/wp\/v2\/pages\/20704\/revisions"}],"wp:attachment":[{"href":"https:\/\/agendaep.lv\/ru\/wp-json\/wp\/v2\/media?parent=20704"}],"curies":[{"name":"wp","href":"https:\/\/api.w.org\/{rel}","templated":true}]}}